{"id":7248,"date":"2023-04-25T11:18:40","date_gmt":"2023-04-25T10:18:40","guid":{"rendered":"https:\/\/www.artvip.pl\/?post_type=product&#038;p=7248"},"modified":"2025-07-12T12:13:56","modified_gmt":"2025-07-12T11:13:56","slug":"olga-bukowska-mikolaj-jedzie-do-krakowa","status":"publish","type":"product","link":"https:\/\/www.artvip.pl\/english\/product\/olga-bukowska-mikolaj-jedzie-do-krakowa\/","title":{"rendered":"OB Miko\u0142aj jedzie do Krakowa"},"content":{"rendered":"<p>120&#215;100<br \/>\nAkryl na p\u0142\u00f3tnie<\/p>","protected":false},"excerpt":{"rendered":"<p>120&#215;100 Akryl na p\u0142\u00f3tnie<\/p>","protected":false},"featured_media":7230,"template":"","meta":{"_monsterinsights_skip_tracking":false,"_monsterinsights_sitenote_active":false,"_monsterinsights_sitenote_note":"","_monsterinsights_sitenote_category":0,"site-sidebar-layout":"default","site-content-layout":"default","ast-site-content-layout":"default","site-content-style":"default","site-sidebar-style":"default","ast-global-header-display":"","ast-banner-title-visibility":"","ast-main-header-display":"","ast-hfb-above-header-display":"","ast-hfb-below-header-display":"","ast-hfb-mobile-header-display":"","site-post-title":"","ast-breadcrumbs-content":"","ast-featured-img":"","footer-sml-layout":"","theme-transparent-header-meta":"default","adv-header-id-meta":"","stick-header-meta":"","header-above-stick-meta":"","header-main-stick-meta":"","header-below-stick-meta":"","astra-migrate-meta-layouts":"set","ast-page-background-enabled":"default","ast-page-background-meta":{"desktop":{"background-color":"var(--ast-global-color-4)","background-image":"","background-repeat":"repeat","background-position":"center center","background-size":"auto","background-attachment":"scroll","background-type":"","background-media":"","overlay-type":"","overlay-color":"","overlay-opacity":"","overlay-gradient":""},"tablet":{"background-color":"","background-image":"","background-repeat":"repeat","background-position":"center center","background-size":"auto","background-attachment":"scroll","background-type":"","background-media":"","overlay-type":"","overlay-color":"","overlay-opacity":"","overlay-gradient":""},"mobile":{"background-color":"","background-image":"","background-repeat":"repeat","background-position":"center center","background-size":"auto","background-attachment":"scroll","background-type":"","background-media":"","overlay-type":"","overlay-color":"","overlay-opacity":"","overlay-gradient":""}},"ast-content-background-meta":{"desktop":{"background-color":"var(--ast-global-color-5)","background-image":"","background-repeat":"repeat","background-position":"center center","background-size":"auto","background-attachment":"scroll","background-type":"","background-media":"","overlay-type":"","overlay-color":"","overlay-opacity":"","overlay-gradient":""},"tablet":{"background-color":"var(--ast-global-color-5)","background-image":"","background-repeat":"repeat","background-position":"center center","background-size":"auto","background-attachment":"scroll","background-type":"","background-media":"","overlay-type":"","overlay-color":"","overlay-opacity":"","overlay-gradient":""},"mobile":{"background-color":"var(--ast-global-color-5)","background-image":"","background-repeat":"repeat","background-position":"center center","background-size":"auto","background-attachment":"scroll","background-type":"","background-media":"","overlay-type":"","overlay-color":"","overlay-opacity":"","overlay-gradient":""}}},"product_cat":[70],"product_tag":[],"class_list":{"0":"post-7248","1":"product","2":"type-product","3":"status-publish","4":"has-post-thumbnail","6":"product_cat-obraz","7":"desktop-align-left","8":"tablet-align-left","9":"mobile-align-left","11":"first","12":"instock","13":"shipping-taxable","14":"purchasable","15":"product-type-simple"},"yoast_head":"<!-- This site is optimized with the Yoast SEO plugin v23.5 - https:\/\/yoast.com\/wordpress\/plugins\/seo\/ -->\n<title>OB Miko\u0142aj jedzie do Krakowa - Galeria Sztuki ART VIP<\/title>\n<meta name=\"robots\" content=\"index, follow, max-snippet:-1, max-image-preview:large, max-video-preview:-1\" \/>\n<link rel=\"canonical\" href=\"https:\/\/www.artvip.pl\/english\/product\/olga-bukowska-mikolaj-jedzie-do-krakowa\/\" \/>\n<meta property=\"og:locale\" content=\"en_US\" \/>\n<meta property=\"og:type\" content=\"article\" \/>\n<meta property=\"og:title\" content=\"OB Miko\u0142aj jedzie do Krakowa - Galeria Sztuki ART VIP\" \/>\n<meta property=\"og:description\" content=\"120&#215;100 Akryl na p\u0142\u00f3tnie\" \/>\n<meta property=\"og:url\" content=\"https:\/\/www.artvip.pl\/english\/product\/olga-bukowska-mikolaj-jedzie-do-krakowa\/\" \/>\n<meta property=\"og:site_name\" content=\"Galeria Sztuki ART VIP\" \/>\n<meta property=\"article:publisher\" content=\"https:\/\/www.facebook.com\/artvip8\" \/>\n<meta property=\"article:modified_time\" content=\"2025-07-12T11:13:56+00:00\" \/>\n<meta property=\"og:image\" content=\"https:\/\/www.artvip.pl\/wp-content\/uploads\/2023\/04\/Olga-Bukowska-120x100-\u201eMikolaj-jedzie-do-Krakowa-Spragnieni-Sztuki-II-2021-akryl-na-plo\u0301tnie-scaled.jpg\" \/>\n\t<meta property=\"og:image:width\" content=\"2560\" \/>\n\t<meta property=\"og:image:height\" content=\"2141\" \/>\n\t<meta property=\"og:image:type\" content=\"image\/jpeg\" \/>\n<meta name=\"twitter:card\" content=\"summary_large_image\" \/>\n<meta name=\"twitter:label1\" content=\"Est. reading time\" \/>\n\t<meta name=\"twitter:data1\" content=\"1 minute\" \/>\n<script type=\"application\/ld+json\" class=\"yoast-schema-graph\">{\"@context\":\"https:\/\/schema.org\",\"@graph\":[{\"@type\":\"WebPage\",\"@id\":\"https:\/\/www.artvip.pl\/produkt\/olga-bukowska-mikolaj-jedzie-do-krakowa\/\",\"url\":\"https:\/\/www.artvip.pl\/produkt\/olga-bukowska-mikolaj-jedzie-do-krakowa\/\",\"name\":\"OB Miko\u0142aj jedzie do Krakowa - Galeria Sztuki ART VIP\",\"isPartOf\":{\"@id\":\"https:\/\/www.artvip.pl\/#website\"},\"primaryImageOfPage\":{\"@id\":\"https:\/\/www.artvip.pl\/produkt\/olga-bukowska-mikolaj-jedzie-do-krakowa\/#primaryimage\"},\"image\":{\"@id\":\"https:\/\/www.artvip.pl\/produkt\/olga-bukowska-mikolaj-jedzie-do-krakowa\/#primaryimage\"},\"thumbnailUrl\":\"https:\/\/www.artvip.pl\/wp-content\/uploads\/2023\/04\/Olga-Bukowska-120x100-\u201eMikolaj-jedzie-do-Krakowa-Spragnieni-Sztuki-II-2021-akryl-na-plo\u0301tnie-scaled.jpg\",\"datePublished\":\"2023-04-25T10:18:40+00:00\",\"dateModified\":\"2025-07-12T11:13:56+00:00\",\"breadcrumb\":{\"@id\":\"https:\/\/www.artvip.pl\/produkt\/olga-bukowska-mikolaj-jedzie-do-krakowa\/#breadcrumb\"},\"inLanguage\":\"en-US\",\"potentialAction\":[{\"@type\":\"ReadAction\",\"target\":[\"https:\/\/www.artvip.pl\/produkt\/olga-bukowska-mikolaj-jedzie-do-krakowa\/\"]}]},{\"@type\":\"ImageObject\",\"inLanguage\":\"en-US\",\"@id\":\"https:\/\/www.artvip.pl\/produkt\/olga-bukowska-mikolaj-jedzie-do-krakowa\/#primaryimage\",\"url\":\"https:\/\/www.artvip.pl\/wp-content\/uploads\/2023\/04\/Olga-Bukowska-120x100-\u201eMikolaj-jedzie-do-Krakowa-Spragnieni-Sztuki-II-2021-akryl-na-plo\u0301tnie-scaled.jpg\",\"contentUrl\":\"https:\/\/www.artvip.pl\/wp-content\/uploads\/2023\/04\/Olga-Bukowska-120x100-\u201eMikolaj-jedzie-do-Krakowa-Spragnieni-Sztuki-II-2021-akryl-na-plo\u0301tnie-scaled.jpg\",\"width\":2560,\"height\":2141},{\"@type\":\"BreadcrumbList\",\"@id\":\"https:\/\/www.artvip.pl\/produkt\/olga-bukowska-mikolaj-jedzie-do-krakowa\/#breadcrumb\",\"itemListElement\":[{\"@type\":\"ListItem\",\"position\":1,\"name\":\"Strona g\u0142\u00f3wna\",\"item\":\"https:\/\/www.artvip.pl\/\"},{\"@type\":\"ListItem\",\"position\":2,\"name\":\"Produkty\",\"item\":\"https:\/\/www.artvip.pl\/shop\/\"},{\"@type\":\"ListItem\",\"position\":3,\"name\":\"OB Miko\u0142aj jedzie do Krakowa\"}]},{\"@type\":\"WebSite\",\"@id\":\"https:\/\/www.artvip.pl\/#website\",\"url\":\"https:\/\/www.artvip.pl\/\",\"name\":\"Galeria Sztuki ART VIP\",\"description\":\"Obrazy, kup, wypo\u017cycz\",\"potentialAction\":[{\"@type\":\"SearchAction\",\"target\":{\"@type\":\"EntryPoint\",\"urlTemplate\":\"https:\/\/www.artvip.pl\/?s={search_term_string}\"},\"query-input\":{\"@type\":\"PropertyValueSpecification\",\"valueRequired\":true,\"valueName\":\"search_term_string\"}}],\"inLanguage\":\"en-US\"}]}<\/script>\n<!-- \/ Yoast SEO plugin. -->","yoast_head_json":{"title":"OB Miko\u0142aj jedzie do Krakowa - Galeria Sztuki ART VIP","robots":{"index":"index","follow":"follow","max-snippet":"max-snippet:-1","max-image-preview":"max-image-preview:large","max-video-preview":"max-video-preview:-1"},"canonical":"https:\/\/www.artvip.pl\/english\/product\/olga-bukowska-mikolaj-jedzie-do-krakowa\/","og_locale":"en_US","og_type":"article","og_title":"OB Miko\u0142aj jedzie do Krakowa - Galeria Sztuki ART VIP","og_description":"120&#215;100 Akryl na p\u0142\u00f3tnie","og_url":"https:\/\/www.artvip.pl\/english\/product\/olga-bukowska-mikolaj-jedzie-do-krakowa\/","og_site_name":"Galeria Sztuki ART VIP","article_publisher":"https:\/\/www.facebook.com\/artvip8","article_modified_time":"2025-07-12T11:13:56+00:00","og_image":[{"width":2560,"height":2141,"url":"https:\/\/www.artvip.pl\/wp-content\/uploads\/2023\/04\/Olga-Bukowska-120x100-\u201eMikolaj-jedzie-do-Krakowa-Spragnieni-Sztuki-II-2021-akryl-na-plo\u0301tnie-scaled.jpg","type":"image\/jpeg"}],"twitter_card":"summary_large_image","twitter_misc":{"Est. reading time":"1 minute"},"schema":{"@context":"https:\/\/schema.org","@graph":[{"@type":"WebPage","@id":"https:\/\/www.artvip.pl\/produkt\/olga-bukowska-mikolaj-jedzie-do-krakowa\/","url":"https:\/\/www.artvip.pl\/produkt\/olga-bukowska-mikolaj-jedzie-do-krakowa\/","name":"OB Miko\u0142aj jedzie do Krakowa - Galeria Sztuki ART VIP","isPartOf":{"@id":"https:\/\/www.artvip.pl\/#website"},"primaryImageOfPage":{"@id":"https:\/\/www.artvip.pl\/produkt\/olga-bukowska-mikolaj-jedzie-do-krakowa\/#primaryimage"},"image":{"@id":"https:\/\/www.artvip.pl\/produkt\/olga-bukowska-mikolaj-jedzie-do-krakowa\/#primaryimage"},"thumbnailUrl":"https:\/\/www.artvip.pl\/wp-content\/uploads\/2023\/04\/Olga-Bukowska-120x100-\u201eMikolaj-jedzie-do-Krakowa-Spragnieni-Sztuki-II-2021-akryl-na-plo\u0301tnie-scaled.jpg","datePublished":"2023-04-25T10:18:40+00:00","dateModified":"2025-07-12T11:13:56+00:00","breadcrumb":{"@id":"https:\/\/www.artvip.pl\/produkt\/olga-bukowska-mikolaj-jedzie-do-krakowa\/#breadcrumb"},"inLanguage":"en-US","potentialAction":[{"@type":"ReadAction","target":["https:\/\/www.artvip.pl\/produkt\/olga-bukowska-mikolaj-jedzie-do-krakowa\/"]}]},{"@type":"ImageObject","inLanguage":"en-US","@id":"https:\/\/www.artvip.pl\/produkt\/olga-bukowska-mikolaj-jedzie-do-krakowa\/#primaryimage","url":"https:\/\/www.artvip.pl\/wp-content\/uploads\/2023\/04\/Olga-Bukowska-120x100-\u201eMikolaj-jedzie-do-Krakowa-Spragnieni-Sztuki-II-2021-akryl-na-plo\u0301tnie-scaled.jpg","contentUrl":"https:\/\/www.artvip.pl\/wp-content\/uploads\/2023\/04\/Olga-Bukowska-120x100-\u201eMikolaj-jedzie-do-Krakowa-Spragnieni-Sztuki-II-2021-akryl-na-plo\u0301tnie-scaled.jpg","width":2560,"height":2141},{"@type":"BreadcrumbList","@id":"https:\/\/www.artvip.pl\/produkt\/olga-bukowska-mikolaj-jedzie-do-krakowa\/#breadcrumb","itemListElement":[{"@type":"ListItem","position":1,"name":"Strona g\u0142\u00f3wna","item":"https:\/\/www.artvip.pl\/"},{"@type":"ListItem","position":2,"name":"Produkty","item":"https:\/\/www.artvip.pl\/shop\/"},{"@type":"ListItem","position":3,"name":"OB Miko\u0142aj jedzie do Krakowa"}]},{"@type":"WebSite","@id":"https:\/\/www.artvip.pl\/#website","url":"https:\/\/www.artvip.pl\/","name":"Galeria Sztuki ART VIP","description":"Obrazy, kup, wypo\u017cycz","potentialAction":[{"@type":"SearchAction","target":{"@type":"EntryPoint","urlTemplate":"https:\/\/www.artvip.pl\/?s={search_term_string}"},"query-input":{"@type":"PropertyValueSpecification","valueRequired":true,"valueName":"search_term_string"}}],"inLanguage":"en-US"}]}},"_links":{"self":[{"href":"https:\/\/www.artvip.pl\/english\/wp-json\/wp\/v2\/product\/7248"}],"collection":[{"href":"https:\/\/www.artvip.pl\/english\/wp-json\/wp\/v2\/product"}],"about":[{"href":"https:\/\/www.artvip.pl\/english\/wp-json\/wp\/v2\/types\/product"}],"wp:featuredmedia":[{"embeddable":true,"href":"https:\/\/www.artvip.pl\/english\/wp-json\/wp\/v2\/media\/7230"}],"wp:attachment":[{"href":"https:\/\/www.artvip.pl\/english\/wp-json\/wp\/v2\/media?parent=7248"}],"wp:term":[{"taxonomy":"product_cat","embeddable":true,"href":"https:\/\/www.artvip.pl\/english\/wp-json\/wp\/v2\/product_cat?post=7248"},{"taxonomy":"product_tag","embeddable":true,"href":"https:\/\/www.artvip.pl\/english\/wp-json\/wp\/v2\/product_tag?post=7248"}],"curies":[{"name":"wp","href":"https:\/\/api.w.org\/{rel}","templated":true}]}}