{"id":8254,"date":"2025-07-22T10:34:10","date_gmt":"2025-07-22T09:34:10","guid":{"rendered":"https:\/\/www.artvip.pl\/?post_type=product&#038;p=8254"},"modified":"2025-07-22T10:34:10","modified_gmt":"2025-07-22T09:34:10","slug":"zu-chorwacja-2","status":"publish","type":"product","link":"https:\/\/www.artvip.pl\/english\/product\/zu-chorwacja-2\/","title":{"rendered":"\u017bU Chorwacja"},"content":{"rendered":"<p>130&#215;90<\/p>\n<p>Akryl na p\u0142\u00f3tnie<\/p>","protected":false},"excerpt":{"rendered":"<p>130&#215;90 Akryl na p\u0142\u00f3tnie<\/p>","protected":false},"featured_media":8255,"template":"","meta":{"_monsterinsights_skip_tracking":false,"_monsterinsights_sitenote_active":false,"_monsterinsights_sitenote_note":"","_monsterinsights_sitenote_category":0,"site-sidebar-layout":"default","site-content-layout":"","ast-site-content-layout":"default","site-content-style":"default","site-sidebar-style":"default","ast-global-header-display":"","ast-banner-title-visibility":"","ast-main-header-display":"","ast-hfb-above-header-display":"","ast-hfb-below-header-display":"","ast-hfb-mobile-header-display":"","site-post-title":"","ast-breadcrumbs-content":"","ast-featured-img":"","footer-sml-layout":"","theme-transparent-header-meta":"default","adv-header-id-meta":"","stick-header-meta":"","header-above-stick-meta":"","header-main-stick-meta":"","header-below-stick-meta":"","astra-migrate-meta-layouts":"set","ast-page-background-enabled":"default","ast-page-background-meta":{"desktop":{"background-color":"var(--ast-global-color-4)","background-image":"","background-repeat":"repeat","background-position":"center center","background-size":"auto","background-attachment":"scroll","background-type":"","background-media":"","overlay-type":"","overlay-color":"","overlay-opacity":"","overlay-gradient":""},"tablet":{"background-color":"","background-image":"","background-repeat":"repeat","background-position":"center center","background-size":"auto","background-attachment":"scroll","background-type":"","background-media":"","overlay-type":"","overlay-color":"","overlay-opacity":"","overlay-gradient":""},"mobile":{"background-color":"","background-image":"","background-repeat":"repeat","background-position":"center center","background-size":"auto","background-attachment":"scroll","background-type":"","background-media":"","overlay-type":"","overlay-color":"","overlay-opacity":"","overlay-gradient":""}},"ast-content-background-meta":{"desktop":{"background-color":"var(--ast-global-color-5)","background-image":"","background-repeat":"repeat","background-position":"center center","background-size":"auto","background-attachment":"scroll","background-type":"","background-media":"","overlay-type":"","overlay-color":"","overlay-opacity":"","overlay-gradient":""},"tablet":{"background-color":"var(--ast-global-color-5)","background-image":"","background-repeat":"repeat","background-position":"center center","background-size":"auto","background-attachment":"scroll","background-type":"","background-media":"","overlay-type":"","overlay-color":"","overlay-opacity":"","overlay-gradient":""},"mobile":{"background-color":"var(--ast-global-color-5)","background-image":"","background-repeat":"repeat","background-position":"center center","background-size":"auto","background-attachment":"scroll","background-type":"","background-media":"","overlay-type":"","overlay-color":"","overlay-opacity":"","overlay-gradient":""}}},"product_cat":[70],"product_tag":[],"class_list":{"0":"post-8254","1":"product","2":"type-product","3":"status-publish","4":"has-post-thumbnail","6":"product_cat-obraz","7":"desktop-align-left","8":"tablet-align-left","9":"mobile-align-left","11":"first","12":"instock","13":"shipping-taxable","14":"purchasable","15":"product-type-simple"},"yoast_head":"<!-- This site is optimized with the Yoast SEO plugin v23.5 - https:\/\/yoast.com\/wordpress\/plugins\/seo\/ -->\n<title>\u017bU Chorwacja - Galeria Sztuki ART VIP<\/title>\n<meta name=\"robots\" content=\"index, follow, max-snippet:-1, max-image-preview:large, max-video-preview:-1\" \/>\n<link rel=\"canonical\" href=\"https:\/\/www.artvip.pl\/english\/product\/zu-chorwacja-2\/\" \/>\n<meta property=\"og:locale\" content=\"en_US\" \/>\n<meta property=\"og:type\" content=\"article\" \/>\n<meta property=\"og:title\" content=\"\u017bU Chorwacja - Galeria Sztuki ART VIP\" \/>\n<meta property=\"og:description\" content=\"130&#215;90 Akryl na p\u0142\u00f3tnie\" \/>\n<meta property=\"og:url\" content=\"https:\/\/www.artvip.pl\/english\/product\/zu-chorwacja-2\/\" \/>\n<meta property=\"og:site_name\" content=\"Galeria Sztuki ART VIP\" \/>\n<meta property=\"article:publisher\" content=\"https:\/\/www.facebook.com\/artvip8\" \/>\n<meta property=\"og:image\" content=\"https:\/\/www.artvip.pl\/wp-content\/uploads\/2025\/07\/IMG_7007.jpg\" \/>\n\t<meta property=\"og:image:width\" content=\"640\" \/>\n\t<meta property=\"og:image:height\" content=\"434\" \/>\n\t<meta property=\"og:image:type\" content=\"image\/jpeg\" \/>\n<meta name=\"twitter:card\" content=\"summary_large_image\" \/>\n<meta name=\"twitter:label1\" content=\"Est. reading time\" \/>\n\t<meta name=\"twitter:data1\" content=\"1 minute\" \/>\n<script type=\"application\/ld+json\" class=\"yoast-schema-graph\">{\"@context\":\"https:\/\/schema.org\",\"@graph\":[{\"@type\":\"WebPage\",\"@id\":\"https:\/\/www.artvip.pl\/produkt\/zu-chorwacja-2\/\",\"url\":\"https:\/\/www.artvip.pl\/produkt\/zu-chorwacja-2\/\",\"name\":\"\u017bU Chorwacja - Galeria Sztuki ART VIP\",\"isPartOf\":{\"@id\":\"https:\/\/www.artvip.pl\/#website\"},\"primaryImageOfPage\":{\"@id\":\"https:\/\/www.artvip.pl\/produkt\/zu-chorwacja-2\/#primaryimage\"},\"image\":{\"@id\":\"https:\/\/www.artvip.pl\/produkt\/zu-chorwacja-2\/#primaryimage\"},\"thumbnailUrl\":\"https:\/\/www.artvip.pl\/wp-content\/uploads\/2025\/07\/IMG_7007.jpg\",\"datePublished\":\"2025-07-22T09:34:10+00:00\",\"dateModified\":\"2025-07-22T09:34:10+00:00\",\"breadcrumb\":{\"@id\":\"https:\/\/www.artvip.pl\/produkt\/zu-chorwacja-2\/#breadcrumb\"},\"inLanguage\":\"en-US\",\"potentialAction\":[{\"@type\":\"ReadAction\",\"target\":[\"https:\/\/www.artvip.pl\/produkt\/zu-chorwacja-2\/\"]}]},{\"@type\":\"ImageObject\",\"inLanguage\":\"en-US\",\"@id\":\"https:\/\/www.artvip.pl\/produkt\/zu-chorwacja-2\/#primaryimage\",\"url\":\"https:\/\/www.artvip.pl\/wp-content\/uploads\/2025\/07\/IMG_7007.jpg\",\"contentUrl\":\"https:\/\/www.artvip.pl\/wp-content\/uploads\/2025\/07\/IMG_7007.jpg\",\"width\":640,\"height\":434},{\"@type\":\"BreadcrumbList\",\"@id\":\"https:\/\/www.artvip.pl\/produkt\/zu-chorwacja-2\/#breadcrumb\",\"itemListElement\":[{\"@type\":\"ListItem\",\"position\":1,\"name\":\"Strona g\u0142\u00f3wna\",\"item\":\"https:\/\/www.artvip.pl\/\"},{\"@type\":\"ListItem\",\"position\":2,\"name\":\"Produkty\",\"item\":\"https:\/\/www.artvip.pl\/shop\/\"},{\"@type\":\"ListItem\",\"position\":3,\"name\":\"\u017bU Chorwacja\"}]},{\"@type\":\"WebSite\",\"@id\":\"https:\/\/www.artvip.pl\/#website\",\"url\":\"https:\/\/www.artvip.pl\/\",\"name\":\"Galeria Sztuki ART VIP\",\"description\":\"Obrazy, kup, wypo\u017cycz\",\"potentialAction\":[{\"@type\":\"SearchAction\",\"target\":{\"@type\":\"EntryPoint\",\"urlTemplate\":\"https:\/\/www.artvip.pl\/?s={search_term_string}\"},\"query-input\":{\"@type\":\"PropertyValueSpecification\",\"valueRequired\":true,\"valueName\":\"search_term_string\"}}],\"inLanguage\":\"en-US\"}]}<\/script>\n<!-- \/ Yoast SEO plugin. -->","yoast_head_json":{"title":"\u017bU Chorwacja - Galeria Sztuki ART VIP","robots":{"index":"index","follow":"follow","max-snippet":"max-snippet:-1","max-image-preview":"max-image-preview:large","max-video-preview":"max-video-preview:-1"},"canonical":"https:\/\/www.artvip.pl\/english\/product\/zu-chorwacja-2\/","og_locale":"en_US","og_type":"article","og_title":"\u017bU Chorwacja - Galeria Sztuki ART VIP","og_description":"130&#215;90 Akryl na p\u0142\u00f3tnie","og_url":"https:\/\/www.artvip.pl\/english\/product\/zu-chorwacja-2\/","og_site_name":"Galeria Sztuki ART VIP","article_publisher":"https:\/\/www.facebook.com\/artvip8","og_image":[{"width":640,"height":434,"url":"https:\/\/www.artvip.pl\/wp-content\/uploads\/2025\/07\/IMG_7007.jpg","type":"image\/jpeg"}],"twitter_card":"summary_large_image","twitter_misc":{"Est. reading time":"1 minute"},"schema":{"@context":"https:\/\/schema.org","@graph":[{"@type":"WebPage","@id":"https:\/\/www.artvip.pl\/produkt\/zu-chorwacja-2\/","url":"https:\/\/www.artvip.pl\/produkt\/zu-chorwacja-2\/","name":"\u017bU Chorwacja - Galeria Sztuki ART VIP","isPartOf":{"@id":"https:\/\/www.artvip.pl\/#website"},"primaryImageOfPage":{"@id":"https:\/\/www.artvip.pl\/produkt\/zu-chorwacja-2\/#primaryimage"},"image":{"@id":"https:\/\/www.artvip.pl\/produkt\/zu-chorwacja-2\/#primaryimage"},"thumbnailUrl":"https:\/\/www.artvip.pl\/wp-content\/uploads\/2025\/07\/IMG_7007.jpg","datePublished":"2025-07-22T09:34:10+00:00","dateModified":"2025-07-22T09:34:10+00:00","breadcrumb":{"@id":"https:\/\/www.artvip.pl\/produkt\/zu-chorwacja-2\/#breadcrumb"},"inLanguage":"en-US","potentialAction":[{"@type":"ReadAction","target":["https:\/\/www.artvip.pl\/produkt\/zu-chorwacja-2\/"]}]},{"@type":"ImageObject","inLanguage":"en-US","@id":"https:\/\/www.artvip.pl\/produkt\/zu-chorwacja-2\/#primaryimage","url":"https:\/\/www.artvip.pl\/wp-content\/uploads\/2025\/07\/IMG_7007.jpg","contentUrl":"https:\/\/www.artvip.pl\/wp-content\/uploads\/2025\/07\/IMG_7007.jpg","width":640,"height":434},{"@type":"BreadcrumbList","@id":"https:\/\/www.artvip.pl\/produkt\/zu-chorwacja-2\/#breadcrumb","itemListElement":[{"@type":"ListItem","position":1,"name":"Strona g\u0142\u00f3wna","item":"https:\/\/www.artvip.pl\/"},{"@type":"ListItem","position":2,"name":"Produkty","item":"https:\/\/www.artvip.pl\/shop\/"},{"@type":"ListItem","position":3,"name":"\u017bU Chorwacja"}]},{"@type":"WebSite","@id":"https:\/\/www.artvip.pl\/#website","url":"https:\/\/www.artvip.pl\/","name":"Galeria Sztuki ART VIP","description":"Obrazy, kup, wypo\u017cycz","potentialAction":[{"@type":"SearchAction","target":{"@type":"EntryPoint","urlTemplate":"https:\/\/www.artvip.pl\/?s={search_term_string}"},"query-input":{"@type":"PropertyValueSpecification","valueRequired":true,"valueName":"search_term_string"}}],"inLanguage":"en-US"}]}},"_links":{"self":[{"href":"https:\/\/www.artvip.pl\/english\/wp-json\/wp\/v2\/product\/8254"}],"collection":[{"href":"https:\/\/www.artvip.pl\/english\/wp-json\/wp\/v2\/product"}],"about":[{"href":"https:\/\/www.artvip.pl\/english\/wp-json\/wp\/v2\/types\/product"}],"wp:featuredmedia":[{"embeddable":true,"href":"https:\/\/www.artvip.pl\/english\/wp-json\/wp\/v2\/media\/8255"}],"wp:attachment":[{"href":"https:\/\/www.artvip.pl\/english\/wp-json\/wp\/v2\/media?parent=8254"}],"wp:term":[{"taxonomy":"product_cat","embeddable":true,"href":"https:\/\/www.artvip.pl\/english\/wp-json\/wp\/v2\/product_cat?post=8254"},{"taxonomy":"product_tag","embeddable":true,"href":"https:\/\/www.artvip.pl\/english\/wp-json\/wp\/v2\/product_tag?post=8254"}],"curies":[{"name":"wp","href":"https:\/\/api.w.org\/{rel}","templated":true}]}}